{"id":1181,"date":"2018-09-15T19:25:33","date_gmt":"2018-09-15T17:25:33","guid":{"rendered":"http:\/\/wp.ezit.se\/www.stylingcrew.se\/?page_id=1181"},"modified":"2020-06-30T13:00:02","modified_gmt":"2020-06-30T11:00:02","slug":"ny-kund","status":"publish","type":"page","link":"https:\/\/stylingcrew.se\/index.php\/ny-kund\/","title":{"rendered":"Ny kund"},"content":{"rendered":"<p>[et_pb_section fb_built=&#8221;1&#8243; next_background_color=&#8221;#efefef&#8221; _builder_version=&#8221;3.29.3&#8243; background_color=&#8221;#eaeaea&#8221; background_image=&#8221;https:\/\/www.stylingcrew.se\/wp-content\/uploads\/2019\/10\/topbg-1.jpg&#8221; bottom_divider_style=&#8221;wave2&#8243;][et_pb_row column_structure=&#8221;3_5,2_5&#8243; _builder_version=&#8221;3.29.3&#8243; width=&#8221;100%&#8221; min_height=&#8221;300px&#8221;][et_pb_column type=&#8221;3_5&#8243; _builder_version=&#8221;3.29.3&#8243;][et_pb_text _builder_version=&#8221;3.29.3&#8243; text_font=&#8221;||on||||||&#8221; text_text_color=&#8221;#000000&#8243; text_font_size=&#8221;18px&#8221; text_line_height=&#8221;2em&#8221; header_font=&#8221;Pacifico||||||||&#8221; header_font_size=&#8221;62px&#8221;]<\/p>\n<h1 style=\"text-align:center;\">Onlinebokning<\/h1>\n<p style=\"text-align:center;\"><strong>&#8211; Ny kund<\/strong><\/p>\n<p>[\/et_pb_text][\/et_pb_column][et_pb_column type=&#8221;2_5&#8243; _builder_version=&#8221;3.29.3&#8243;][et_pb_image src=&#8221;https:\/\/www.stylingcrew.se\/wp-content\/uploads\/2019\/10\/boka.jpg&#8221; show_in_lightbox=&#8221;on&#8221; disabled_on=&#8221;on|on|off&#8221; _builder_version=&#8221;3.29.3&#8243; box_shadow_style=&#8221;preset1&#8243;][\/et_pb_image][\/et_pb_column][\/et_pb_row][\/et_pb_section][et_pb_section fb_built=&#8221;1&#8243; _builder_version=&#8221;3.22&#8243; background_color=&#8221;#efefef&#8221; custom_padding=&#8221;||0px|&#8221;][et_pb_row column_structure=&#8221;2_5,3_5&#8243; _builder_version=&#8221;3.25&#8243; background_size=&#8221;initial&#8221; background_position=&#8221;top_left&#8221; background_repeat=&#8221;repeat&#8221;][et_pb_column type=&#8221;2_5&#8243; _builder_version=&#8221;3.25&#8243; custom_padding=&#8221;|||&#8221; custom_padding__hover=&#8221;|||&#8221;][et_pb_blurb use_icon=&#8221;on&#8221; font_icon=&#8221;%%216%%&#8221; icon_color=&#8221;#000000&#8243; disabled_on=&#8221;on|on|off&#8221; _builder_version=&#8221;3.29.3&#8243; text_orientation=&#8221;right&#8221; max_width=&#8221;50%&#8221; module_alignment=&#8221;right&#8221; custom_padding=&#8221;50px||50px|&#8221;][\/et_pb_blurb][\/et_pb_column][et_pb_column type=&#8221;3_5&#8243; _builder_version=&#8221;3.25&#8243; custom_padding=&#8221;|||&#8221; custom_padding__hover=&#8221;|||&#8221;][et_pb_text admin_label=&#8221;Text &#8211; Ny kund&#8221; _builder_version=&#8221;3.29.3&#8243; text_font=&#8221;Fira Sans|300|||||||&#8221; text_font_size=&#8221;12px&#8221; text_line_height=&#8221;2.1em&#8221; header_font=&#8221;Fira Sans||||||||&#8221; header_text_color=&#8221;#000000&#8243; header_font_size=&#8221;41px&#8221; header_3_font=&#8221;Fira Sans|200|||||||&#8221; header_3_font_size=&#8221;27px&#8221; header_3_line_height=&#8221;1.3em&#8221; header_5_font=&#8221;Fira Sans|900|on||||||&#8221; header_5_font_size=&#8221;18px&#8221; header_5_line_height=&#8221;2em&#8221; background_color=&#8221;#ffffff&#8221; custom_margin=&#8221;0px|0px|0px|0px&#8221; custom_padding=&#8221;40px|40px|40px|40px&#8221;]<\/p>\n<div class=\"so-panel widget widget_sow-editor panel-first-child\" id=\"panel-1181-0-0-0\" data-index=\"0\" data-style=\"{\" falsebackground_displaytileiw-visible-screeniw-alliw-visible-layoutiw-all=\"background_image_attachment:falsebackground_displaytileiw-visible-screeniw-alliw-visible-layoutiw-all\">\n<div class=\"so-widget-sow-editor so-widget-sow-editor-base\">\n<h3 class=\"widget-title\"><strong>Inf\u00f6r din f\u00f6rsta tid hos oss<\/strong><\/h3>\n<div class=\"siteorigin-widget-tinymce textwidget\">\n<h3>Kom som du \u00e4r!<\/h3>\n<p><span style=\"font-weight:400;\">Ha din b\u00e4sta vardagsfrisyr och l\u00e4gg inte tid p\u00e5 att tona h\u00e5ret dagarna innan. En slarvig h\u00e5rknut ger oss inte mycket information om din stil och vid f\u00e4rgning beh\u00f6ver vi inte en massa extra pigment som ska arbetas med (eller mot)&#8230;<\/span><\/p>\n<h3>Var i tid och ha ingenting inbokat i direkt anslutning efter\u00e5t.<\/h3>\n<p><span style=\"font-weight:400;\">Kom g\u00e4rna en stund f\u00f6re utsatt tid, ta en kopp kaffe och varva ner. Att komma sent kan p\u00e5verka b\u00e5de din egna och din fris\u00f6rs n\u00e4sta kunds tid. (Sen h\u00e4nder det att vi som fris\u00f6rer ocks\u00e5 kan vara efter i schemat, men vi jobbar s\u00e5 klart s\u00e5 gott vi kan f\u00f6r att det inte skall ske f\u00f6r ofta.) M\u00e5let \u00e4r att vi ska f\u00e5 ut maximalt av din bokade tid.<\/span><\/p>\n<h3>Ta med inspiration &#8211; och ett \u00f6ppet sinne!<\/h3>\n<p><span style=\"font-weight:400;\">Pinterest, instagram, TV &#8211; samla p\u00e5 dig bilder p\u00e5 det du gillar vad g\u00e4ller stil, f\u00e4rg och form. Vi \u00e4r inga tankel\u00e4sare och bilder ger oftast ett tydligt budskap. Det som jag anser vara r\u00f6tt kan vara brunt f\u00f6r n\u00e5gon annan. Det \u00e4r viktigt f\u00f6r oss att f\u00e5 l\u00e4ra k\u00e4nna dig som kund.<\/span><\/p>\n<h3>Be om stylingtips!<\/h3>\n<p><span style=\"font-weight:400;\">Visst \u00e4r det h\u00e4rligt att f\u00e5 en volumin\u00f6s f\u00f6ning \u00e1 la Oscars-galan, men de b\u00e4sta tipsen \u00e4r de som du kan ta med dig hem och anv\u00e4nda sj\u00e4lv. Ni \u00e4r ju trots allt v\u00e5ra b\u00e4sta reklampelare.<\/span><\/p>\n<h3>Produktutbud<\/h3>\n<p><span style=\"font-weight:400;\">Precis som f\u00f6r alla mindre, lokala f\u00f6retag \u00e4r det kostsamt att ligga p\u00e5 ett dyrt lager produkter samtidigt som det \u00e4r ett m\u00e5ste f\u00f6r att kunna erbjuda en h\u00f6g serviceniv\u00e5 f\u00f6r er kunder. Vi vill serva er med professionella produkter anpassade till frisyr och \u00f6nskem\u00e5l. Med r\u00e4tt verktyg i badrumssk\u00e5pet f\u00f6rl\u00e4nger du livsl\u00e4ngden p\u00e5 din frisyr. Dessa f\u00f6rs\u00e4ljningsint\u00e4kter g\u00e5r till utbildning och utveckling av v\u00e5r verksamhet. Handla lokalt!<\/span><\/p>\n<div class=\"siteorigin-widget-tinymce textwidget\">\n<h3>Fota ditt badrumssk\u00e5p<\/h3>\n<p><span style=\"font-weight:400;\">Det kan vara sv\u00e5rt att minnas vad du har hemma. Vi hj\u00e4lper dig g\u00e4rna att komma ig\u00e5ng med &#8221;hyllv\u00e4rmare&#8221; alternativt rensa ut bland de mindre lyckade k\u00f6pen. Vilka produkter \u00e4r du n\u00f6jd med och vad beh\u00f6ver du komplettera med? Sl\u00f6seri blir ingen glad av.<\/span><\/div>\n<h3>\u00c4r du inte n\u00f6jd? S\u00e4g till!<\/h3>\n<p><span style=\"font-weight:400;\">Om vi ingenting f\u00e5r veta kan vi heller inte r\u00e4tta till n\u00e5got. Att beh\u00f6va \u00e4ndra sm\u00e5 detaljer \u00e4r inget konstigt. Vi g\u00f6r v\u00e5rt b\u00e4sta f\u00f6r att vara lyh\u00f6rda, men vi \u00e4r inte mer \u00e4n m\u00e4nniskor och ibland blir det inte som man t\u00e4nkt sig. <\/span><\/div>\n<\/div>\n<\/div>\n<div class=\"so-panel widget widget_sow-button panel-last-child\" id=\"panel-1181-0-0-1\" data-index=\"1\" data-style=\"{\" falsebackground_displaytileiw-visible-screeniw-alliw-visible-layoutiw-all=\"background_image_attachment:falsebackground_displaytileiw-visible-screeniw-alliw-visible-layoutiw-all\"><\/div>\n<p>[\/et_pb_text][et_pb_button button_url=&#8221;http:\/\/178.174.196.30\/$\/&#8221; url_new_window=&#8221;on&#8221; button_text=&#8221;Boka online&#8221; admin_label=&#8221;Knapp-boka online&#8221; _builder_version=&#8221;4.4.3&#8243; custom_button=&#8221;on&#8221; button_text_color=&#8221;#000000&#8243; button_bg_color=&#8221;#ffffff&#8221; button_border_color=&#8221;#000000&#8243; button_font=&#8221;Fira Sans||||||||&#8221; button_icon=&#8221;%%24%%&#8221; button_icon_color=&#8221;#000000&#8243; custom_margin=&#8221;40px|40px|40px|40px&#8221; hover_enabled=&#8221;0&#8243; z_index_tablet=&#8221;500&#8243; saved_tabs=&#8221;all&#8221;][\/et_pb_button][\/et_pb_column][\/et_pb_row][\/et_pb_section]<\/p>\n","protected":false},"excerpt":{"rendered":"<p>Onlinebokning &#8211; Ny kund Inf\u00f6r din f\u00f6rsta tid hos oss Kom som du \u00e4r! Ha din b\u00e4sta vardagsfrisyr och l\u00e4gg inte tid p\u00e5 att tona h\u00e5ret dagarna innan. En slarvig h\u00e5rknut ger oss inte mycket information om din stil och vid f\u00e4rgning beh\u00f6ver vi inte en massa extra pigment som ska arbetas med (eller mot)&#8230; [&hellip;]<\/p>\n","protected":false},"author":3,"featured_media":0,"parent":0,"menu_order":0,"comment_status":"closed","ping_status":"closed","template":"","meta":{"_et_pb_use_builder":"on","_et_pb_old_content":"","_et_gb_content_width":"","footnotes":""},"class_list":["post-1181","page","type-page","status-publish","hentry"],"_links":{"self":[{"href":"https:\/\/stylingcrew.se\/index.php\/wp-json\/wp\/v2\/pages\/1181"}],"collection":[{"href":"https:\/\/stylingcrew.se\/index.php\/wp-json\/wp\/v2\/pages"}],"about":[{"href":"https:\/\/stylingcrew.se\/index.php\/wp-json\/wp\/v2\/types\/page"}],"author":[{"embeddable":true,"href":"https:\/\/stylingcrew.se\/index.php\/wp-json\/wp\/v2\/users\/3"}],"replies":[{"embeddable":true,"href":"https:\/\/stylingcrew.se\/index.php\/wp-json\/wp\/v2\/comments?post=1181"}],"version-history":[{"count":32,"href":"https:\/\/stylingcrew.se\/index.php\/wp-json\/wp\/v2\/pages\/1181\/revisions"}],"predecessor-version":[{"id":3150,"href":"https:\/\/stylingcrew.se\/index.php\/wp-json\/wp\/v2\/pages\/1181\/revisions\/3150"}],"wp:attachment":[{"href":"https:\/\/stylingcrew.se\/index.php\/wp-json\/wp\/v2\/media?parent=1181"}],"curies":[{"name":"wp","href":"https:\/\/api.w.org\/{rel}","templated":true}]}}