{"id":1405,"date":"2018-09-29T13:19:22","date_gmt":"2018-09-29T11:19:22","guid":{"rendered":"http:\/\/wp.ezit.se\/www.stylingcrew.se\/?page_id=1405"},"modified":"2018-10-04T16:23:15","modified_gmt":"2018-10-04T14:23:15","slug":"kreativ-farg","status":"publish","type":"page","link":"https:\/\/stylingcrew.se\/index.php\/startsida\/kreativ-farg\/","title":{"rendered":"Kreativ f\u00e4rg"},"content":{"rendered":"<div id=\"pl-1405\"  class=\"panel-layout\" >\n<div id=\"pg-1405-0\"  class=\"panel-grid panel-no-style\"  data-style=\"{&quot;background_image_attachment&quot;:false,&quot;background_display&quot;:&quot;tile&quot;,&quot;cell_alignment&quot;:&quot;flex-start&quot;,&quot;iw-visible-screen&quot;:&quot;iw-all&quot;,&quot;iw-visible-layout&quot;:&quot;iw-all&quot;}\" >\n<div id=\"pgc-1405-0-0\"  class=\"panel-grid-cell\"  data-weight=\"0.39982876712329\" >\n<div id=\"panel-1405-0-0-0\" class=\"so-panel widget widget_sow-image panel-first-child panel-last-child\" data-index=\"0\" data-style=\"{&quot;background_image_attachment&quot;:false,&quot;background_display&quot;:&quot;tile&quot;,&quot;iw-visible-screen&quot;:&quot;iw-all&quot;,&quot;iw-visible-layout&quot;:&quot;iw-all&quot;}\" >[siteorigin_widget class=&#8221;SiteOrigin_Widget_Image_Widget&#8221;]<input type=\"hidden\" value=\"{&quot;instance&quot;:{&quot;image&quot;:1577,&quot;image_fallback&quot;:&quot;&quot;,&quot;size&quot;:&quot;full&quot;,&quot;align&quot;:&quot;default&quot;,&quot;title_align&quot;:&quot;default&quot;,&quot;title&quot;:&quot;&quot;,&quot;title_position&quot;:&quot;hidden&quot;,&quot;alt&quot;:&quot;&quot;,&quot;url&quot;:&quot;&quot;,&quot;bound&quot;:true,&quot;_sow_form_id&quot;:&quot;11178868025baf5f5ce8e64821805192&quot;,&quot;_sow_form_timestamp&quot;:&quot;1538661061131&quot;,&quot;new_window&quot;:false,&quot;full_width&quot;:false},&quot;args&quot;:{&quot;before_widget&quot;:&quot;&lt;div id=\\&quot;panel-1405-0-0-0\\&quot; class=\\&quot;so-panel widget widget_sow-image panel-first-child panel-last-child\\&quot; data-index=\\&quot;0\\&quot; data-style=\\&quot;{&amp;quot;background_image_attachment&amp;quot;:false,&amp;quot;background_display&amp;quot;:&amp;quot;tile&amp;quot;,&amp;quot;iw-visible-screen&amp;quot;:&amp;quot;iw-all&amp;quot;,&amp;quot;iw-visible-layout&amp;quot;:&amp;quot;iw-all&amp;quot;}\\&quot; &gt;&quot;,&quot;after_widget&quot;:&quot;&lt;\\\/div&gt;&quot;,&quot;before_title&quot;:&quot;&lt;h3 class=\\&quot;widget-title\\&quot;&gt;&quot;,&quot;after_title&quot;:&quot;&lt;\\\/h3&gt;&quot;,&quot;widget_id&quot;:&quot;widget-0-0-0&quot;}}\" \/>[\/siteorigin_widget]<\/div>\n<\/div>\n<div id=\"pgc-1405-0-1\"  class=\"panel-grid-cell\"  data-weight=\"0.60017123287671\" >\n<div id=\"panel-1405-0-1-0\" class=\"so-panel widget widget_sow-editor panel-first-child panel-last-child\" data-index=\"1\" data-style=\"{&quot;background_image_attachment&quot;:false,&quot;background_display&quot;:&quot;tile&quot;,&quot;iw-visible-screen&quot;:&quot;iw-all&quot;,&quot;iw-visible-layout&quot;:&quot;iw-all&quot;}\" >\n<div class=\"so-widget-sow-editor so-widget-sow-editor-base\">\n<h3 class=\"widget-title\">Kreativ f\u00e4rg<\/h3>\n<div class=\"siteorigin-widget-tinymce textwidget\">\n<h6><span style=\"color: #000000; font-size: 1rem;\">Vill du f\u00e4rga din utv\u00e4xt eller f\u00e4rga in hela<br \/>\nditt h\u00e5r i en enhetlig f\u00e4rg s\u00e5 \u00e4r det h\u00e4r<br \/>\nbehandlingen\u00a0f\u00f6r dig. Likas\u00e5 om du vill<br \/>\nslinga din utv\u00e4xt eller hela ditt h\u00e5r med<br \/>\ntraditionella folieslingor.<\/span><\/h6>\n<h6><strong>Kostnad:<\/strong><br \/>\nfr\u00e5n 1200:- inkl. klipp<br \/>\nTid: 120 &#8211; 180 min<\/h6>\n<p><strong>Plus Meny<br \/>\n<\/strong>[WPSM_AC id=1281]<\/p>\n<\/div>\n<\/div>\n<\/div>\n<\/div>\n<\/div>\n<\/div>\n","protected":false},"excerpt":{"rendered":"<p>[siteorigin_widget class=&#8221;SiteOrigin_Widget_Image_Widget&#8221;][\/siteorigin_widget] Kreativ f\u00e4rg Vill du f\u00e4rga din utv\u00e4xt eller f\u00e4rga in hela ditt h\u00e5r i en enhetlig f\u00e4rg s\u00e5 \u00e4r det h\u00e4r behandlingen\u00a0f\u00f6r dig. Likas\u00e5 om du vill slinga din utv\u00e4xt eller hela ditt h\u00e5r med traditionella folieslingor. Kostnad: fr\u00e5n 1200:- inkl. klipp Tid: 120 &#8211; 180 min Plus Meny [WPSM_AC id=1281]<\/p>\n","protected":false},"author":3,"featured_media":0,"parent":38,"menu_order":0,"comment_status":"closed","ping_status":"closed","template":"","meta":{"_et_pb_use_builder":"","_et_pb_old_content":"","_et_gb_content_width":"","footnotes":""},"class_list":["post-1405","page","type-page","status-publish","hentry"],"_links":{"self":[{"href":"https:\/\/stylingcrew.se\/index.php\/wp-json\/wp\/v2\/pages\/1405"}],"collection":[{"href":"https:\/\/stylingcrew.se\/index.php\/wp-json\/wp\/v2\/pages"}],"about":[{"href":"https:\/\/stylingcrew.se\/index.php\/wp-json\/wp\/v2\/types\/page"}],"author":[{"embeddable":true,"href":"https:\/\/stylingcrew.se\/index.php\/wp-json\/wp\/v2\/users\/3"}],"replies":[{"embeddable":true,"href":"https:\/\/stylingcrew.se\/index.php\/wp-json\/wp\/v2\/comments?post=1405"}],"version-history":[{"count":13,"href":"https:\/\/stylingcrew.se\/index.php\/wp-json\/wp\/v2\/pages\/1405\/revisions"}],"predecessor-version":[{"id":1633,"href":"https:\/\/stylingcrew.se\/index.php\/wp-json\/wp\/v2\/pages\/1405\/revisions\/1633"}],"up":[{"embeddable":true,"href":"https:\/\/stylingcrew.se\/index.php\/wp-json\/wp\/v2\/pages\/38"}],"wp:attachment":[{"href":"https:\/\/stylingcrew.se\/index.php\/wp-json\/wp\/v2\/media?parent=1405"}],"curies":[{"name":"wp","href":"https:\/\/api.w.org\/{rel}","templated":true}]}}