{"id":1744,"date":"2018-10-10T20:33:52","date_gmt":"2018-10-10T18:33:52","guid":{"rendered":"http:\/\/wp.ezit.se\/www.stylingcrew.se\/?page_id=1744"},"modified":"2023-12-04T14:18:48","modified_gmt":"2023-12-04T13:18:48","slug":"klippning","status":"publish","type":"page","link":"https:\/\/stylingcrew.se\/index.php\/hemsida\/klippning\/","title":{"rendered":"Klippning"},"content":{"rendered":"<p>[et_pb_section fb_built=&#8221;1&#8243; next_background_color=&#8221;#efefef&#8221; _builder_version=&#8221;3.29.3&#8243; background_color=&#8221;#eaeaea&#8221; background_image=&#8221;https:\/\/www.stylingcrew.se\/wp-content\/uploads\/2019\/10\/topbg-1.jpg&#8221; bottom_divider_style=&#8221;wave2&#8243;][et_pb_row column_structure=&#8221;3_5,2_5&#8243; _builder_version=&#8221;3.29.3&#8243; width=&#8221;100%&#8221; min_height=&#8221;300px&#8221;][et_pb_column type=&#8221;3_5&#8243; _builder_version=&#8221;3.29.3&#8243;][et_pb_text _builder_version=&#8221;3.29.3&#8243; text_font=&#8221;||on||||||&#8221; text_text_color=&#8221;#000000&#8243; text_font_size=&#8221;18px&#8221; text_line_height=&#8221;2em&#8221; header_font=&#8221;Pacifico||||||||&#8221; header_font_size=&#8221;62px&#8221; hover_enabled=&#8221;0&#8243;]<\/p>\n<h1 style=\"text-align: center;\">Klippning<\/h1>\n<p>[\/et_pb_text][\/et_pb_column][et_pb_column type=&#8221;2_5&#8243; _builder_version=&#8221;3.29.3&#8243;][et_pb_image src=&#8221;https:\/\/www.stylingcrew.se\/wp-content\/uploads\/2019\/10\/klippning_framsida.jpg&#8221; show_in_lightbox=&#8221;on&#8221; disabled_on=&#8221;on|on|off&#8221; _builder_version=&#8221;3.29.3&#8243; box_shadow_style=&#8221;preset1&#8243;][\/et_pb_image][\/et_pb_column][\/et_pb_row][\/et_pb_section][et_pb_section fb_built=&#8221;1&#8243; _builder_version=&#8221;3.22&#8243; background_color=&#8221;#efefef&#8221; custom_margin=&#8221;||0px|&#8221; custom_padding=&#8221;||0px|&#8221;][et_pb_row column_structure=&#8221;2_5,3_5&#8243; _builder_version=&#8221;3.25&#8243; custom_margin=&#8221;||0px|&#8221; custom_padding=&#8221;||0px|&#8221;][et_pb_column type=&#8221;2_5&#8243; _builder_version=&#8221;3.25&#8243; custom_padding=&#8221;||0px|&#8221; custom_padding__hover=&#8221;|||&#8221;][et_pb_blurb use_icon=&#8221;on&#8221; font_icon=&#8221;%%79%%&#8221; icon_color=&#8221;#000000&#8243; content_max_width=&#8221;521px&#8221; disabled_on=&#8221;on|on|off&#8221; _builder_version=&#8221;3.29.3&#8243; header_text_align=&#8221;right&#8221; body_text_align=&#8221;right&#8221; text_orientation=&#8221;right&#8221; max_width=&#8221;48%&#8221; module_alignment=&#8221;right&#8221; custom_margin=&#8221;0px||0px|&#8221; custom_padding=&#8221;0px||0px|&#8221; hover_enabled=&#8221;0&#8243;][\/et_pb_blurb][\/et_pb_column][et_pb_column type=&#8221;3_5&#8243; _builder_version=&#8221;3.25&#8243; custom_padding=&#8221;||0px|&#8221; custom_padding__hover=&#8221;|||&#8221;][et_pb_text admin_label=&#8221;Text &#8211; Klippning&#8221; _builder_version=&#8221;3.29.3&#8243; text_font=&#8221;Fira Sans|300|||||||&#8221; text_text_color=&#8221;#000000&#8243; text_font_size=&#8221;12px&#8221; text_line_height=&#8221;2.3em&#8221; header_font=&#8221;Fira Sans||||||||&#8221; header_text_color=&#8221;#000000&#8243; header_font_size=&#8221;41px&#8221; background_color=&#8221;#ffffff&#8221; custom_margin=&#8221;0px|0px|0px|0px&#8221; custom_padding=&#8221;40px|40px|40px|40px&#8221; hover_enabled=&#8221;0&#8243;]<\/p>\n<p><span style=\"font-size: 14px;\">H\u00e4r ing\u00e5r konsultation, h\u00e4rlig schamponering, klipp, styling samt r\u00e5d och tips om Ditt h\u00e5r och Din frisyr. F\u00f6rsta g\u00e5ngen du bes\u00f6ker oss? <\/span><strong style=\"font-size: 14px;\"><a href=\"https:\/\/www.stylingcrew.se\/index.php\/ny-kund\/\" title=\"Ny kund?\" style=\"color: #000000;\">L\u00e4s mer h\u00e4r<\/a><\/strong><\/p>\n<p>[\/et_pb_text][\/et_pb_column][\/et_pb_row][\/et_pb_section][et_pb_section fb_built=&#8221;1&#8243; _builder_version=&#8221;3.22&#8243; background_color=&#8221;#efefef&#8221; custom_margin=&#8221;0px||0px|&#8221; custom_padding=&#8221;||0px|&#8221;][et_pb_row column_structure=&#8221;2_5,3_5&#8243; _builder_version=&#8221;3.25&#8243; custom_margin=&#8221;0px|||&#8221; custom_padding=&#8221;0px|||&#8221;][et_pb_column type=&#8221;2_5&#8243; _builder_version=&#8221;3.25&#8243; custom_padding=&#8221;|||&#8221; custom_padding__hover=&#8221;|||&#8221;][et_pb_blurb use_icon=&#8221;on&#8221; font_icon=&#8221;%%280%%&#8221; icon_color=&#8221;#000000&#8243; disabled_on=&#8221;on|on|off&#8221; _builder_version=&#8221;3.29.3&#8243; text_orientation=&#8221;right&#8221; max_width=&#8221;50%&#8221; module_alignment=&#8221;right&#8221; custom_padding=&#8221;0px||50px|&#8221;][\/et_pb_blurb][\/et_pb_column][et_pb_column type=&#8221;3_5&#8243; _builder_version=&#8221;3.25&#8243; custom_padding=&#8221;|||&#8221; custom_padding__hover=&#8221;|||&#8221;][et_pb_text admin_label=&#8221;Text &#8211; Kostnad&#8221; _builder_version=&#8221;4.4.3&#8243; text_font=&#8221;Fira Sans|300|||||||&#8221; text_text_color=&#8221;#000000&#8243; text_line_height=&#8221;2.1em&#8221; header_font=&#8221;Fira Sans||||||||&#8221; header_font_size=&#8221;41px&#8221; header_3_font=&#8221;Fira Sans||||||||&#8221; header_3_text_color=&#8221;#000000&#8243; background_color=&#8221;#ffffff&#8221; custom_margin=&#8221;0px|0px|0px|0px&#8221; custom_padding=&#8221;40px|40px|40px|40px&#8221; hover_enabled=&#8221;0&#8243;]<\/p>\n<h3>Kostnad:<\/h3>\n<p><strong>Dam och herr:<\/strong> Fr\u00e5n 680kr<\/p>\n<p><strong>Barn upp till 12 \u00e5r:<\/strong> 495kr<\/p>\n<p><strong>Klippning av lugg:<\/strong> 200kr<\/p>\n<p><strong>Klippning med maskin:<\/strong> 580kr<\/p>\n<p><strong>Tid:\u00a0<\/strong>Dam och herr: 60min,\u00a0Barn: 45min,\u00a0Lugg: 15min<\/p>\n<p>&nbsp;<\/p>\n<p>[\/et_pb_text][et_pb_button button_url=&#8221;http:\/\/www.stylingcrew.se\/index.php\/2307-2\/&#8221; button_text=&#8221;Prislista&#8221; button_alignment=&#8221;right&#8221; _builder_version=&#8221;3.29.3&#8243; custom_button=&#8221;on&#8221; button_text_color=&#8221;#5e5e5e&#8221; button_bg_color=&#8221;#ffffff&#8221; button_border_width=&#8221;1px&#8221; button_border_color=&#8221;#d6d6d6&#8243; button_border_radius=&#8221;0px&#8221; button_font=&#8221;||||||||&#8221; button_on_hover=&#8221;off&#8221; custom_margin=&#8221;-20px|40px||&#8221; global_module=&#8221;2369&#8243; saved_tabs=&#8221;all&#8221;][\/et_pb_button][\/et_pb_column][\/et_pb_row][\/et_pb_section][et_pb_section fb_built=&#8221;1&#8243; _builder_version=&#8221;3.22&#8243; background_color=&#8221;#efefef&#8221; custom_margin=&#8221;0px|||&#8221; custom_padding=&#8221;0px|||&#8221;][et_pb_row column_structure=&#8221;2_5,3_5&#8243; _builder_version=&#8221;3.25&#8243; custom_margin=&#8221;0px|||&#8221; custom_padding=&#8221;0px|||&#8221;][et_pb_column type=&#8221;2_5&#8243; _builder_version=&#8221;3.25&#8243; custom_padding=&#8221;|||&#8221; custom_padding__hover=&#8221;|||&#8221;][et_pb_blurb use_icon=&#8221;on&#8221; font_icon=&#8221;%%200%%&#8221; icon_color=&#8221;#000000&#8243; disabled_on=&#8221;on|on|off&#8221; _builder_version=&#8221;3.29.3&#8243; text_orientation=&#8221;right&#8221; max_width=&#8221;50%&#8221; module_alignment=&#8221;right&#8221; custom_padding=&#8221;0px||50px|&#8221;][\/et_pb_blurb][\/et_pb_column][et_pb_column type=&#8221;3_5&#8243; _builder_version=&#8221;3.25&#8243; custom_padding=&#8221;|||20px&#8221; custom_padding__hover=&#8221;|||&#8221;][et_pb_text admin_label=&#8221;Text &#8211; Plusmeny&#8221; _builder_version=&#8221;3.27.4&#8243; text_font_size=&#8221;18px&#8221; text_line_height=&#8221;2.1em&#8221; header_font=&#8221;Fira Sans||||||||&#8221; header_font_size=&#8221;41px&#8221; header_3_font=&#8221;Fira Sans||||||||&#8221; header_3_text_color=&#8221;#000000&#8243; background_color=&#8221;#ffffff&#8221; custom_margin=&#8221;0px|0px|0px|0px&#8221; custom_padding=&#8221;20px|20px|20px|20px&#8221;]<\/p>\n<h3>Plusmeny<\/h3>\n<p>[\/et_pb_text][et_pb_toggle title=&#8221;Olaplex&#8221; open_toggle_text_color=&#8221;#000000&#8243; closed_toggle_text_color=&#8221;#000000&#8243; closed_toggle_background_color=&#8221;#ffffff&#8221; icon_color=&#8221;#000000&#8243; admin_label=&#8221;Olaplex&#8221; _builder_version=&#8221;3.29.3&#8243; title_text_color=&#8221;#000000&#8243; title_font=&#8221;Fira Sans||||||||&#8221; body_font=&#8221;Fira Sans|300|||||||&#8221; custom_margin=&#8221;0px|0px|0px|0px&#8221; border_width_all=&#8221;0px&#8221; border_color_all=&#8221;#e02b20&#8243; border_color_top=&#8221;#000000&#8243;]<\/p>\n<p><span class=\"TextRun SCXW2956789\" lang=\"SV-SE\" xml:lang=\"SV-SE\"><span class=\"NormalTextRun SCXW2956789\">En behandling som skyddar, st\u00e4rker och reparerar <\/span><\/span><span class=\"TextRun SCXW2956789\" lang=\"SV-SE\" xml:lang=\"SV-SE\"><span class=\"NormalTextRun SCXW2956789\">svavel<\/span><\/span><span class=\"TextRun SCXW2956789\" lang=\"SV-SE\" xml:lang=\"SV-SE\"><span class=\"NormalTextRun SCXW2956789\">bindningarna i h\u00e5ret. Det inneb\u00e4r att h\u00e5ret f\u00e5r en h\u00f6gre kvalitet, blir starkare och f\u00e5r mer glans.<\/span><\/span><\/p>\n<p><span style=\"color: #000000;\"><a style=\"color: #000000;\" href=\"https:\/\/www.stylingcrew.se\/index.php\/hemsida\/olaplex\/\"><span class=\"TextRun SCXW2956789\" lang=\"SV-SE\" xml:lang=\"SV-SE\"><span class=\"NormalTextRun SCXW2956789\"><strong>L\u00e4s mer om Olaplex &gt;&gt;<\/strong><\/span><\/span><\/a><\/span><\/p>\n<p>[\/et_pb_toggle][et_pb_toggle title=&#8221;New blond&#8221; open_toggle_text_color=&#8221;#000000&#8243; closed_toggle_text_color=&#8221;#000000&#8243; closed_toggle_background_color=&#8221;#ffffff&#8221; icon_color=&#8221;#000000&#8243; admin_label=&#8221;New blond&#8221; _builder_version=&#8221;3.29.3&#8243; title_text_color=&#8221;#000000&#8243; title_font=&#8221;Fira Sans||||||||&#8221; body_font=&#8221;Fira Sans|300|||||||&#8221; background_color=&#8221;#f9f9f9&#8243; custom_margin=&#8221;0px|0px|0px|0px&#8221; border_width_all=&#8221;0px&#8221; border_color_all=&#8221;#e02b20&#8243;]<\/p>\n<p><span class=\"TextRun SCXW217082479\" lang=\"SV-SE\" xml:lang=\"SV-SE\"><span class=\"NormalTextRun SCXW217082479\">En &#8221;snabbfix&#8221; som p\u00e5 endast 5 minuter <\/span><\/span><span class=\"TextRun SCXW217082479\" lang=\"SV-SE\" xml:lang=\"SV-SE\"><span class=\"SpellingError SCXW217082479\">ljusar<\/span><\/span><span class=\"TextRun SCXW217082479\" lang=\"SV-SE\" xml:lang=\"SV-SE\"><span class=\"NormalTextRun SCXW217082479\"> upp ditt h\u00e5r <\/span><\/span><span class=\"TextRun SCXW217082479\" lang=\"SV-SE\" xml:lang=\"SV-SE\"><span class=\"NormalTextRun SCXW217082479\">1-2<\/span><\/span><span class=\"TextRun SCXW217082479\" lang=\"SV-SE\" xml:lang=\"SV-SE\"><span class=\"NormalTextRun SCXW217082479\"> steg.<\/span><\/span><\/p>\n<p><span style=\"color: #000000;\"><strong><span class=\"TextRun SCXW217082479\" lang=\"SV-SE\" xml:lang=\"SV-SE\"><span class=\"NormalTextRun SCXW217082479\"><a style=\"color: #000000;\" href=\"https:\/\/www.stylingcrew.se\/index.php\/hemsida\/new-blond\/\">L\u00e4s mer om new blond<\/a>\u00a0&gt;&gt;<\/span><\/span><\/strong><\/span><\/p>\n<p>[\/et_pb_toggle][et_pb_toggle title=&#8221;Gr\u00e5h\u00e5rskamoflering&#8221; open_toggle_text_color=&#8221;#000000&#8243; closed_toggle_text_color=&#8221;#000000&#8243; closed_toggle_background_color=&#8221;#ffffff&#8221; icon_color=&#8221;#000000&#8243; admin_label=&#8221;Gr\u00e5h\u00e5rskamoflering&#8221; _builder_version=&#8221;3.29.3&#8243; title_text_color=&#8221;#000000&#8243; title_font=&#8221;Fira Sans||||||||&#8221; body_font=&#8221;Fira Sans|300|||||||&#8221; custom_margin=&#8221;0px|0px|0px|0px&#8221; border_width_all=&#8221;0px&#8221;]<\/p>\n<p>Vrid tillbaka klockan n\u00e5gra \u00e5r!<\/p>\n<p><span style=\"color: #000000;\"><strong><a style=\"color: #000000;\" href=\"https:\/\/www.stylingcrew.se\/index.php\/hemsida\/graharkamoflering\/\">L\u00e4s mer om gr\u00e5h\u00e5rskamoflering &gt;&gt;<\/a><\/strong><\/span><\/p>\n<p>[\/et_pb_toggle][et_pb_toggle title=&#8221;Facials&#8221; open_toggle_text_color=&#8221;#000000&#8243; closed_toggle_text_color=&#8221;#000000&#8243; closed_toggle_background_color=&#8221;#ffffff&#8221; icon_color=&#8221;#000000&#8243; admin_label=&#8221;Facials&#8221; _builder_version=&#8221;3.29.3&#8243; title_text_color=&#8221;#000000&#8243; title_font=&#8221;Fira Sans||||||||&#8221; body_font=&#8221;Fira Sans|300|||||||&#8221; custom_margin=&#8221;0px|0px|0px|0px&#8221; border_width_all=&#8221;0px&#8221; border_color_all=&#8221;#e02b20&#8243; border_color_bottom=&#8221;#000000&#8243;]<\/p>\n<p>B\u00e4ttra p\u00e5 dina bryn och fransar.<\/p>\n<p><span style=\"color: #000000;\"><strong><a style=\"color: #000000;\" href=\"https:\/\/www.stylingcrew.se\/index.php\/hemsida\/facials\/\">L\u00e4s mer h\u00e4r &gt;&gt;<\/a><\/strong><\/span><\/p>\n<p>[\/et_pb_toggle][\/et_pb_column][\/et_pb_row][\/et_pb_section]<\/p>\n","protected":false},"excerpt":{"rendered":"<p>KlippningH\u00e4r ing\u00e5r konsultation, h\u00e4rlig schamponering, klipp, styling samt r\u00e5d och tips om Ditt h\u00e5r och Din frisyr. F\u00f6rsta g\u00e5ngen du bes\u00f6ker oss? L\u00e4s mer h\u00e4rKostnad: Dam och herr: Fr\u00e5n 680kr Barn upp till 12 \u00e5r: 495kr Klippning av lugg: 200kr Klippning med maskin: 580kr Tid:\u00a0Dam och herr: 60min,\u00a0Barn: 45min,\u00a0Lugg: 15min &nbsp; Plusmeny En behandling som [&hellip;]<\/p>\n","protected":false},"author":3,"featured_media":0,"parent":1679,"menu_order":0,"comment_status":"closed","ping_status":"closed","template":"","meta":{"_et_pb_use_builder":"on","_et_pb_old_content":"","_et_gb_content_width":"","footnotes":""},"class_list":["post-1744","page","type-page","status-publish","hentry"],"_links":{"self":[{"href":"https:\/\/stylingcrew.se\/index.php\/wp-json\/wp\/v2\/pages\/1744"}],"collection":[{"href":"https:\/\/stylingcrew.se\/index.php\/wp-json\/wp\/v2\/pages"}],"about":[{"href":"https:\/\/stylingcrew.se\/index.php\/wp-json\/wp\/v2\/types\/page"}],"author":[{"embeddable":true,"href":"https:\/\/stylingcrew.se\/index.php\/wp-json\/wp\/v2\/users\/3"}],"replies":[{"embeddable":true,"href":"https:\/\/stylingcrew.se\/index.php\/wp-json\/wp\/v2\/comments?post=1744"}],"version-history":[{"count":139,"href":"https:\/\/stylingcrew.se\/index.php\/wp-json\/wp\/v2\/pages\/1744\/revisions"}],"predecessor-version":[{"id":3335,"href":"https:\/\/stylingcrew.se\/index.php\/wp-json\/wp\/v2\/pages\/1744\/revisions\/3335"}],"up":[{"embeddable":true,"href":"https:\/\/stylingcrew.se\/index.php\/wp-json\/wp\/v2\/pages\/1679"}],"wp:attachment":[{"href":"https:\/\/stylingcrew.se\/index.php\/wp-json\/wp\/v2\/media?parent=1744"}],"curies":[{"name":"wp","href":"https:\/\/api.w.org\/{rel}","templated":true}]}}