{"id":1850,"date":"2018-10-14T13:01:39","date_gmt":"2018-10-14T11:01:39","guid":{"rendered":"http:\/\/wp.ezit.se\/www.stylingcrew.se\/?page_id=1850"},"modified":"2023-12-07T14:40:01","modified_gmt":"2023-12-07T13:40:01","slug":"kreativ-farg","status":"publish","type":"page","link":"https:\/\/stylingcrew.se\/index.php\/hemsida\/kreativ-farg\/","title":{"rendered":"Helf\u00e4rgning"},"content":{"rendered":"<p>[et_pb_section fb_built=&#8221;1&#8243; next_background_color=&#8221;#efefef&#8221; _builder_version=&#8221;3.29.3&#8243; background_color=&#8221;#eaeaea&#8221; background_image=&#8221;https:\/\/www.stylingcrew.se\/wp-content\/uploads\/2019\/10\/topbg-1.jpg&#8221; bottom_divider_style=&#8221;wave2&#8243;][et_pb_row column_structure=&#8221;3_5,2_5&#8243; _builder_version=&#8221;3.29.3&#8243; width=&#8221;100%&#8221; min_height=&#8221;300px&#8221;][et_pb_column type=&#8221;3_5&#8243; _builder_version=&#8221;3.29.3&#8243;][et_pb_text _builder_version=&#8221;4.4.3&#8243; text_font=&#8221;||on||||||&#8221; text_text_color=&#8221;#000000&#8243; text_font_size=&#8221;18px&#8221; text_line_height=&#8221;2em&#8221; header_font=&#8221;Pacifico||||||||&#8221; header_font_size=&#8221;62px&#8221;]<\/p>\n<h1 style=\"text-align: center;\">Helf\u00e4rgning<\/h1>\n<p>[\/et_pb_text][\/et_pb_column][et_pb_column type=&#8221;2_5&#8243; _builder_version=&#8221;3.29.3&#8243;][et_pb_image src=&#8221;https:\/\/www.stylingcrew.se\/wp-content\/uploads\/2019\/10\/dyehair_framsida-1.jpg&#8221; show_in_lightbox=&#8221;on&#8221; disabled_on=&#8221;on|on|off&#8221; _builder_version=&#8221;3.29.3&#8243; box_shadow_style=&#8221;preset1&#8243;][\/et_pb_image][\/et_pb_column][\/et_pb_row][\/et_pb_section][et_pb_section fb_built=&#8221;1&#8243; _builder_version=&#8221;3.22&#8243; background_color=&#8221;#efefef&#8221; custom_margin=&#8221;||0px|&#8221; custom_padding=&#8221;||0px|&#8221;][et_pb_row column_structure=&#8221;2_5,3_5&#8243; _builder_version=&#8221;3.25&#8243; background_size=&#8221;initial&#8221; background_position=&#8221;top_left&#8221; background_repeat=&#8221;repeat&#8221;][et_pb_column type=&#8221;2_5&#8243; _builder_version=&#8221;3.25&#8243; custom_padding=&#8221;|||&#8221; custom_padding__hover=&#8221;|||&#8221;][et_pb_blurb use_icon=&#8221;on&#8221; font_icon=&#8221;%%79%%&#8221; icon_color=&#8221;#000000&#8243; disabled_on=&#8221;on|on|off&#8221; _builder_version=&#8221;3.29.3&#8243; text_orientation=&#8221;right&#8221; max_width=&#8221;50%&#8221; module_alignment=&#8221;right&#8221; custom_padding=&#8221;0px||50px|&#8221;][\/et_pb_blurb][\/et_pb_column][et_pb_column type=&#8221;3_5&#8243; _builder_version=&#8221;3.25&#8243; custom_padding=&#8221;|||&#8221; custom_padding__hover=&#8221;|||&#8221;][et_pb_text admin_label=&#8221;Text &#8211; Klippning&#8221; _builder_version=&#8221;4.4.3&#8243; text_font=&#8221;Fira Sans|300|||||||&#8221; text_line_height=&#8221;2.1em&#8221; header_font=&#8221;Fira Sans||||||||&#8221; header_text_color=&#8221;#000000&#8243; header_font_size=&#8221;41px&#8221; background_color=&#8221;#ffffff&#8221; custom_margin=&#8221;0px|0px|0px|0px&#8221; custom_padding=&#8221;40px|40px|40px|40px&#8221; hover_enabled=&#8221;0&#8243;]<\/p>\n<p><span style=\"font-size: 14px; color: #666666;\">Vill du f\u00e4rga din utv\u00e4xt eller f\u00e4rga in hela ditt h\u00e5r i en enhetlig f\u00e4rg s\u00e5 \u00e4r det h\u00e4r behandlingen\u00a0f\u00f6r dig. Likas\u00e5 om du vill slinga din utv\u00e4xt eller hela ditt h\u00e5r med traditionella folieslingor.<\/span><\/p>\n<p><strong>Helf\u00e4rg.<\/strong> Alternativet f\u00f6r dig som vill ha en enhetlig f\u00e4rg. Tex f\u00e4rga p\u00e5 din utv\u00e4xt och samtidigt fr\u00e4scha upp dina l\u00e4ngder med en kompletterande toning. Slingor ing\u00e5r EJ. Vid \u00f6nskem\u00e5l och helblekning ber vi dig kontakta oss via telefon eller att g\u00f6ra ett salongsbes\u00f6k.<\/p>\n<p><strong>Slingor i \u00f6verh\u00e5ret.<\/strong> F\u00f6r dig som enbart brukar ljusa upp \u00f6verh\u00e5ret. Det passar \u00e4ven dig som har slingat hela h\u00e5ret men vill g\u00f6ra en enklare touch up d\u00e4r det inte spelar n\u00e5gon roll att sidor och nacke fortfarande kommer ha en utv\u00e4xt. Kom ih\u00e5g att l\u00e4gga till Extra nyansering eller root shadow om du \u00f6nskar g\u00f6ra det.<\/p>\n<p><strong>Slingor hela h\u00e5ret.<\/strong> F\u00f6r dig som vill ha en st\u00f6rre uppljusning. Kom ih\u00e5g att l\u00e4gga till Extra nyansering eller root shadow om du \u00f6nskar g\u00f6ra det<\/p>\n<p><em><strong>Viktigt!<\/strong> Vid st\u00f6rre f\u00e4rgf\u00f6r\u00e4ndring\/extremf\u00e4rg boka tid via telefon eller kom f\u00f6rbi salongen f\u00f6r en gratis konsultation.<\/em><\/p>\n<p><em>Kommentera g\u00e4rna n\u00e4rmare vad du vill g\u00f6ra om du bokar online och t\u00e4nk p\u00e5 att vid os\u00e4kerhet \u00e4r det alltid b\u00e4ttre att boka f\u00f6r mycket tid \u00e4n f\u00f6r lite. Har du tex ett mellanl\u00e5ngt h\u00e5r som \u00e4r v\u00e4ldigt tjockt rekommenderar vi att du v\u00e4ljer l\u00e5ngt h\u00e5r, s\u00e5 att vi hinner med dina \u00f6nskem\u00e5l.<\/em><\/p>\n<p><strong>Utv\u00e4xtf\u00e4rg.<\/strong> Max 8 veckor sedan senaste f\u00e4rgningen. L\u00e4ngderna \u00e4r okej och beh\u00f6ver ej uppfr\u00e4schning\/korrigering. Behandlingen g\u00e4ller ej slingor.<\/p>\n<p>[\/et_pb_text][\/et_pb_column][\/et_pb_row][\/et_pb_section][et_pb_section fb_built=&#8221;1&#8243; _builder_version=&#8221;3.22&#8243; background_color=&#8221;#efefef&#8221; custom_margin=&#8221;0px||0px|&#8221; custom_padding=&#8221;0px||0px|&#8221;][et_pb_row column_structure=&#8221;2_5,3_5&#8243; _builder_version=&#8221;3.25&#8243; background_size=&#8221;initial&#8221; background_position=&#8221;top_left&#8221; background_repeat=&#8221;repeat&#8221;][et_pb_column type=&#8221;2_5&#8243; _builder_version=&#8221;3.25&#8243; custom_padding=&#8221;|||&#8221; custom_padding__hover=&#8221;|||&#8221;][et_pb_blurb use_icon=&#8221;on&#8221; font_icon=&#8221;%%280%%&#8221; icon_color=&#8221;#000000&#8243; disabled_on=&#8221;on|on|off&#8221; _builder_version=&#8221;3.29.3&#8243; text_orientation=&#8221;right&#8221; max_width=&#8221;50%&#8221; module_alignment=&#8221;right&#8221; custom_padding=&#8221;0px||50px|&#8221;][\/et_pb_blurb][\/et_pb_column][et_pb_column type=&#8221;3_5&#8243; _builder_version=&#8221;3.25&#8243; custom_padding=&#8221;|||&#8221; custom_padding__hover=&#8221;|||&#8221;][et_pb_text admin_label=&#8221;Text &#8211; Kostnad&#8221; _builder_version=&#8221;4.4.3&#8243; text_font=&#8221;Fira Sans|300|||||||&#8221; text_line_height=&#8221;2.1em&#8221; header_font=&#8221;Fira Sans||||||||&#8221; header_font_size=&#8221;41px&#8221; header_3_font=&#8221;Fira Sans||||||||&#8221; header_3_text_color=&#8221;#000000&#8243; background_color=&#8221;#ffffff&#8221; custom_margin=&#8221;0px|0px|0px|0px&#8221; custom_padding=&#8221;40px|40px|40px|40px&#8221;]<\/p>\n<h3>Kostnad:<\/h3>\n<p><strong>fr\u00e5n:<\/strong> 1700kr inkl. klipp<br \/> <strong>Tid:<\/strong> 120 &#8211; 180 min<\/p>\n<p>[\/et_pb_text][et_pb_button button_url=&#8221;http:\/\/www.stylingcrew.se\/index.php\/2307-2\/&#8221; button_text=&#8221;Prislista&#8221; button_alignment=&#8221;right&#8221; _builder_version=&#8221;3.29.3&#8243; custom_button=&#8221;on&#8221; button_text_color=&#8221;#5e5e5e&#8221; button_bg_color=&#8221;#ffffff&#8221; button_border_width=&#8221;1px&#8221; button_border_color=&#8221;#d6d6d6&#8243; button_border_radius=&#8221;0px&#8221; button_font=&#8221;||||||||&#8221; button_on_hover=&#8221;off&#8221; custom_margin=&#8221;-20px|40px||&#8221; global_module=&#8221;2369&#8243; saved_tabs=&#8221;all&#8221;][\/et_pb_button][\/et_pb_column][\/et_pb_row][\/et_pb_section][et_pb_section fb_built=&#8221;1&#8243; _builder_version=&#8221;3.22&#8243; background_color=&#8221;#efefef&#8221; custom_margin=&#8221;0px||0px|&#8221; custom_padding=&#8221;0px||0px|&#8221;][et_pb_row column_structure=&#8221;2_5,3_5&#8243; _builder_version=&#8221;3.25&#8243;][et_pb_column type=&#8221;2_5&#8243; _builder_version=&#8221;3.25&#8243; custom_padding=&#8221;|||&#8221; custom_padding__hover=&#8221;|||&#8221;][et_pb_blurb use_icon=&#8221;on&#8221; font_icon=&#8221;%%227%%&#8221; icon_color=&#8221;#000000&#8243; disabled_on=&#8221;on|on|off&#8221; _builder_version=&#8221;3.29.3&#8243; text_orientation=&#8221;right&#8221; max_width=&#8221;50%&#8221; module_alignment=&#8221;right&#8221; custom_padding=&#8221;0px||50px|&#8221;][\/et_pb_blurb][\/et_pb_column][et_pb_column type=&#8221;3_5&#8243; _builder_version=&#8221;3.25&#8243; custom_padding=&#8221;|||&#8221; custom_padding__hover=&#8221;|||&#8221;][et_pb_text admin_label=&#8221;Text &#8211; P\u00e5verkan&#8221; _builder_version=&#8221;3.27.4&#8243; text_font_size=&#8221;18px&#8221; text_line_height=&#8221;2.1em&#8221; header_font=&#8221;Fira Sans||||||||&#8221; header_font_size=&#8221;41px&#8221; header_3_font=&#8221;Fira Sans||||||||&#8221; header_3_text_color=&#8221;#000000&#8243; background_color=&#8221;#ffffff&#8221; custom_margin=&#8221;0px|0px|0px|0px&#8221; custom_padding=&#8221;20px|20px|20px|20px&#8221;]<\/p>\n<h3>Vad p\u00e5verkar pris\/tid:<\/h3>\n<p>[\/et_pb_text][et_pb_toggle title=&#8221;H\u00e5rets utg\u00e5ngsl\u00e4ge&#8221; open_toggle_text_color=&#8221;#000000&#8243; open_toggle_background_color=&#8221;#ffffff&#8221; closed_toggle_text_color=&#8221;#000000&#8243; closed_toggle_background_color=&#8221;#ffffff&#8221; icon_color=&#8221;#000000&#8243; admin_label=&#8221;Utg\u00e5ngsl\u00e4ge&#8221; _builder_version=&#8221;3.29.3&#8243; title_text_color=&#8221;#000000&#8243; title_font=&#8221;Fira Sans||||||||&#8221; body_font=&#8221;Fira Sans|300|||||||&#8221; custom_margin=&#8221;0px|0px|0px|0px&#8221; border_width_all=&#8221;0px&#8221; border_color_all=&#8221;#e02b20&#8243;]<\/p>\n<p><span class=\"TextRun SCXW222853304\" lang=\"SV-SE\" xml:lang=\"SV-SE\"><span class=\"NormalTextRun SCXW222853304\">Har du en f\u00e4rghistorik i ditt h\u00e5r som beh\u00f6ver avl\u00e4gsnas s\u00e5 kan det kr\u00e4vas att h\u00e5ret avf\u00e4rgas\/blek<\/span><\/span><span class=\"TextRun SCXW222853304\" lang=\"SV-SE\" xml:lang=\"SV-SE\"><span class=\"NormalTextRun SCXW222853304\">a<\/span><\/span><span class=\"TextRun SCXW222853304\" lang=\"SV-SE\" xml:lang=\"SV-SE\"><span class=\"NormalTextRun SCXW222853304\">s innan. <\/span><\/span><\/p>\n<p><span style=\"color: #000000;\"><strong><a class=\"Hyperlink SCXW222853304\" style=\"color: #000000;\" href=\"https:\/\/www.stylingcrew.se\/index.php\/hemsida\/new-blond\/\"><span class=\"TextRun Underlined SCXW222853304\" lang=\"SV-SE\" xml:lang=\"SV-SE\"><span class=\"NormalTextRun SCXW222853304\">L\u00e4s mer h\u00e4r &gt;&gt;<\/span><\/span><\/a><\/strong><\/span><\/p>\n<p>[\/et_pb_toggle][et_pb_toggle title=&#8221;H\u00e5rets tjocklek\/l\u00e4ngd&#8221; open_toggle_text_color=&#8221;#000000&#8243; open_toggle_background_color=&#8221;#ffffff&#8221; closed_toggle_text_color=&#8221;#000000&#8243; closed_toggle_background_color=&#8221;#ffffff&#8221; icon_color=&#8221;#000000&#8243; admin_label=&#8221;H\u00e5rets tjocklek\/l\u00e4ngd&#8221; _builder_version=&#8221;3.29.3&#8243; title_text_color=&#8221;#000000&#8243; title_font=&#8221;Fira Sans||||||||&#8221; body_font=&#8221;Fira Sans|300|||||||&#8221; custom_margin=&#8221;0px|0px|0px|0px&#8221; border_width_all=&#8221;0px&#8221; border_color_all=&#8221;#e02b20&#8243;]<\/p>\n<p>Tids\u00e5tg\u00e5ngen och priset p\u00e5verkas av hur mycket h\u00e5r du har. Om du har tjockt eller l\u00e5ngt h\u00e5r tar en behandling l\u00e4ngre tid och priset blir h\u00f6gre. Bilder p\u00e5 olika h\u00e5rl\u00e4ngder hittar du i <strong><span style=\"color: #000000;\"><a style=\"color: #000000; text-decoration: underline;\" href=\"https:\/\/www.stylingcrew.se\/index.php\/2307-2\/\">prislistan<\/a><\/span><\/strong><\/p>\n<p>[\/et_pb_toggle][et_pb_toggle title=&#8221;\u00d6nskat resultat&#8221; open_toggle_text_color=&#8221;#000000&#8243; open_toggle_background_color=&#8221;#ffffff&#8221; closed_toggle_text_color=&#8221;#000000&#8243; closed_toggle_background_color=&#8221;#ffffff&#8221; icon_color=&#8221;#000000&#8243; admin_label=&#8221;\u00d6nskat resultat&#8221; _builder_version=&#8221;3.16.1&#8243; title_text_color=&#8221;#000000&#8243; title_font=&#8221;Fira Sans||||||||&#8221; body_font=&#8221;Fira Sans|300|||||||&#8221; custom_margin=&#8221;0px|0px|0px|0px&#8221; border_width_all=&#8221;0px&#8221; border_color_all=&#8221;#e02b20&#8243;]En generell regel \u00e4r att ju ljusare du vill bli, desto l\u00e4ngre tid tar det samt desto dyrare blir det. M\u00f6rkare \u00e4r alltid l\u00e4ttare att f\u00e4rga \u00e4n ljusare.<br \/>\n[\/et_pb_toggle][\/et_pb_column][\/et_pb_row][\/et_pb_section][et_pb_section fb_built=&#8221;1&#8243; _builder_version=&#8221;3.22&#8243; background_color=&#8221;#efefef&#8221; custom_margin=&#8221;0px||0px|&#8221; custom_padding=&#8221;0px||0px|&#8221;][et_pb_row column_structure=&#8221;2_5,3_5&#8243; _builder_version=&#8221;3.25&#8243;][et_pb_column type=&#8221;2_5&#8243; _builder_version=&#8221;3.25&#8243; custom_padding=&#8221;|||&#8221; custom_padding__hover=&#8221;|||&#8221;][et_pb_blurb use_icon=&#8221;on&#8221; font_icon=&#8221;%%200%%&#8221; icon_color=&#8221;#000000&#8243; disabled_on=&#8221;on|on|off&#8221; _builder_version=&#8221;3.29.3&#8243; text_orientation=&#8221;right&#8221; max_width=&#8221;50%&#8221; module_alignment=&#8221;right&#8221; custom_padding=&#8221;0px||50px|&#8221;][\/et_pb_blurb][\/et_pb_column][et_pb_column type=&#8221;3_5&#8243; _builder_version=&#8221;3.25&#8243; custom_padding=&#8221;|||&#8221; custom_padding__hover=&#8221;|||&#8221;][et_pb_text admin_label=&#8221;Text &#8211; Plusmeny&#8221; _builder_version=&#8221;3.27.4&#8243; text_font_size=&#8221;18px&#8221; text_line_height=&#8221;2.1em&#8221; header_font=&#8221;Fira Sans||||||||&#8221; header_font_size=&#8221;41px&#8221; header_3_font=&#8221;Fira Sans||||||||&#8221; header_3_text_color=&#8221;#000000&#8243; background_color=&#8221;#ffffff&#8221; custom_margin=&#8221;0px|0px|0px|0px&#8221; custom_padding=&#8221;10px|10px|10px|10px&#8221;]<\/p>\n<h3>Plusmeny<\/h3>\n<p>[\/et_pb_text][et_pb_toggle title=&#8221;Olaplex&#8221; open_toggle_text_color=&#8221;#000000&#8243; closed_toggle_text_color=&#8221;#000000&#8243; closed_toggle_background_color=&#8221;#ffffff&#8221; icon_color=&#8221;#000000&#8243; admin_label=&#8221;Olaplex&#8221; _builder_version=&#8221;3.29.3&#8243; title_text_color=&#8221;#000000&#8243; title_font=&#8221;Fira Sans||||||||&#8221; body_font=&#8221;Fira Sans|300|||||||&#8221; custom_margin=&#8221;0px|0px|0px|0px&#8221; border_width_all=&#8221;0px&#8221;]<\/p>\n<p><span class=\"TextRun SCXW2956789\" lang=\"SV-SE\" xml:lang=\"SV-SE\"><span class=\"NormalTextRun SCXW2956789\">En behandling som skyddar, st\u00e4rker och reparerar <\/span><\/span><span class=\"TextRun SCXW2956789\" lang=\"SV-SE\" xml:lang=\"SV-SE\"><span class=\"NormalTextRun SCXW2956789\">svavel<\/span><\/span><span class=\"TextRun SCXW2956789\" lang=\"SV-SE\" xml:lang=\"SV-SE\"><span class=\"NormalTextRun SCXW2956789\">bindningarna i h\u00e5ret. Det inneb\u00e4r att h\u00e5ret f\u00e5r en h\u00f6gre kvalitet, blir starkare och f\u00e5r mer glans.<\/span><\/span><\/p>\n<p><span style=\"color: #000000;\"><a style=\"color: #000000;\" href=\"https:\/\/www.stylingcrew.se\/index.php\/hemsida\/olaplex\/\"><span class=\"TextRun SCXW2956789\" lang=\"SV-SE\" xml:lang=\"SV-SE\"><span class=\"NormalTextRun SCXW2956789\"><strong>L\u00e4s mer om Olaplex &gt;&gt;<\/strong><\/span><\/span><\/a><\/span><\/p>\n<p>[\/et_pb_toggle][et_pb_toggle title=&#8221;Extra nyansering&#8221; open_toggle_text_color=&#8221;#000000&#8243; closed_toggle_text_color=&#8221;#000000&#8243; closed_toggle_background_color=&#8221;#ffffff&#8221; icon_color=&#8221;#000000&#8243; admin_label=&#8221;Extra nyansering&#8221; _builder_version=&#8221;3.16.1&#8243; title_text_color=&#8221;#000000&#8243; title_font=&#8221;Fira Sans||||||||&#8221; body_font=&#8221;Fira Sans|300|||||||&#8221; custom_margin=&#8221;0px|0px|0px|0px&#8221; border_width_all=&#8221;0px&#8221; border_color_all=&#8221;#e02b20&#8243; border_color_top=&#8221;#000000&#8243;]<span class=\"TextRun SCXW218837763\" lang=\"SV-SE\" xml:lang=\"SV-SE\"><span class=\"NormalTextRun SCXW218837763\">O<\/span><\/span><span class=\"TextRun SCXW218837763\" lang=\"SV-SE\" xml:lang=\"SV-SE\"><span class=\"NormalTextRun SCXW218837763\">avsett om vi bleker hela h\u00e5ret eller g\u00f6r slingor s\u00e5 \u00e4r det fint att styra nyansen med en efterf\u00f6ljande toning<\/span><\/span><span class=\"TextRun SCXW218837763\" lang=\"SV-SE\" xml:lang=\"SV-SE\"><span class=\"NormalTextRun SCXW218837763\">, som dessutom ger en extra glans och h\u00e5llbarhet.<\/span><\/span><br \/>\n[\/et_pb_toggle][et_pb_toggle title=&#8221;Bryn och fransar&#8221; open_toggle_text_color=&#8221;#000000&#8243; closed_toggle_text_color=&#8221;#000000&#8243; closed_toggle_background_color=&#8221;#ffffff&#8221; icon_color=&#8221;#000000&#8243; admin_label=&#8221;Bryn och fransar&#8221; _builder_version=&#8221;3.16.1&#8243; title_text_color=&#8221;#000000&#8243; title_font=&#8221;Fira Sans||||||||&#8221; body_font=&#8221;Fira Sans|300|||||||&#8221; custom_margin=&#8221;0px|0px|0px|0px&#8221; border_width_all=&#8221;0px&#8221; border_color_all=&#8221;#e02b20&#8243; border_color_top=&#8221;#000000&#8243;]<span class=\"TextRun SCXW263048583\" lang=\"SV-SE\" xml:lang=\"SV-SE\"><span class=\"NormalTextRun SCXW263048583\">P<\/span><\/span><span class=\"TextRun SCXW263048583\" lang=\"SV-SE\" xml:lang=\"SV-SE\"><span class=\"NormalTextRun SCXW263048583\">assa p\u00e5 att f\u00e4rga fransar och bryn och l\u00e5t oss ta en runda med pincetten.<\/span><\/span><br \/>\n[\/et_pb_toggle][et_pb_toggle title=&#8221;Avf\u00e4rgning&#8221; open_toggle_text_color=&#8221;#000000&#8243; closed_toggle_text_color=&#8221;#000000&#8243; closed_toggle_background_color=&#8221;#ffffff&#8221; icon_color=&#8221;#000000&#8243; admin_label=&#8221;Avf\u00e4rgning&#8221; _builder_version=&#8221;3.29.3&#8243; title_text_color=&#8221;#000000&#8243; title_font=&#8221;Fira Sans||||||||&#8221; body_font=&#8221;Fira Sans|300|||||||&#8221; custom_margin=&#8221;0px|0px|0px|0px&#8221; border_width_all=&#8221;0px&#8221; border_color_all=&#8221;#e02b20&#8243; border_color_bottom=&#8221;#000000&#8243;]<\/p>\n<p><span class=\"TextRun SCXW233607151\" lang=\"SV-SE\" xml:lang=\"SV-SE\"><span class=\"NormalTextRun SCXW233607151\">F<\/span><\/span><span class=\"TextRun SCXW233607151\" lang=\"SV-SE\" xml:lang=\"SV-SE\"><span class=\"NormalTextRun SCXW233607151\">\u00f6r att f\u00e5 ett ljusare resultat i ett h\u00e5r som tidigare f\u00e4rgats\/tonats kan det kr\u00e4vas en avf\u00e4rgning\/blekning.<\/span><\/span><\/p>\n<p><span class=\"TextRun SCXW233607151\" lang=\"SV-SE\" xml:lang=\"SV-SE\"><span class=\"NormalTextRun SCXW233607151\"> <span style=\"color: #000000;\"><strong><a style=\"color: #000000;\" href=\"https:\/\/www.stylingcrew.se\/index.php\/hemsida\/avfargning-blekning\/\">L\u00e4s mer om avf\u00e4rgning &gt;&gt;<\/a><\/strong><\/span><\/span><\/span><\/p>\n<p>[\/et_pb_toggle][\/et_pb_column][\/et_pb_row][\/et_pb_section]<\/p>\n","protected":false},"excerpt":{"rendered":"<p>Helf\u00e4rgningVill du f\u00e4rga din utv\u00e4xt eller f\u00e4rga in hela ditt h\u00e5r i en enhetlig f\u00e4rg s\u00e5 \u00e4r det h\u00e4r behandlingen\u00a0f\u00f6r dig. Likas\u00e5 om du vill slinga din utv\u00e4xt eller hela ditt h\u00e5r med traditionella folieslingor. Helf\u00e4rg. Alternativet f\u00f6r dig som vill ha en enhetlig f\u00e4rg. Tex f\u00e4rga p\u00e5 din utv\u00e4xt och samtidigt fr\u00e4scha upp dina [&hellip;]<\/p>\n","protected":false},"author":3,"featured_media":0,"parent":1679,"menu_order":0,"comment_status":"closed","ping_status":"closed","template":"","meta":{"_et_pb_use_builder":"on","_et_pb_old_content":"","_et_gb_content_width":"","footnotes":""},"class_list":["post-1850","page","type-page","status-publish","hentry"],"_links":{"self":[{"href":"https:\/\/stylingcrew.se\/index.php\/wp-json\/wp\/v2\/pages\/1850"}],"collection":[{"href":"https:\/\/stylingcrew.se\/index.php\/wp-json\/wp\/v2\/pages"}],"about":[{"href":"https:\/\/stylingcrew.se\/index.php\/wp-json\/wp\/v2\/types\/page"}],"author":[{"embeddable":true,"href":"https:\/\/stylingcrew.se\/index.php\/wp-json\/wp\/v2\/users\/3"}],"replies":[{"embeddable":true,"href":"https:\/\/stylingcrew.se\/index.php\/wp-json\/wp\/v2\/comments?post=1850"}],"version-history":[{"count":52,"href":"https:\/\/stylingcrew.se\/index.php\/wp-json\/wp\/v2\/pages\/1850\/revisions"}],"predecessor-version":[{"id":3363,"href":"https:\/\/stylingcrew.se\/index.php\/wp-json\/wp\/v2\/pages\/1850\/revisions\/3363"}],"up":[{"embeddable":true,"href":"https:\/\/stylingcrew.se\/index.php\/wp-json\/wp\/v2\/pages\/1679"}],"wp:attachment":[{"href":"https:\/\/stylingcrew.se\/index.php\/wp-json\/wp\/v2\/media?parent=1850"}],"curies":[{"name":"wp","href":"https:\/\/api.w.org\/{rel}","templated":true}]}}