{"id":1852,"date":"2018-10-14T13:02:22","date_gmt":"2018-10-14T11:02:22","guid":{"rendered":"http:\/\/wp.ezit.se\/www.stylingcrew.se\/?page_id=1852"},"modified":"2023-12-04T15:21:53","modified_gmt":"2023-12-04T14:21:53","slug":"olaplex","status":"publish","type":"page","link":"https:\/\/stylingcrew.se\/index.php\/hemsida\/olaplex\/","title":{"rendered":"Olaplex"},"content":{"rendered":"<p>[et_pb_section fb_built=&#8221;1&#8243; next_background_color=&#8221;#efefef&#8221; _builder_version=&#8221;3.29.3&#8243; background_color=&#8221;#eaeaea&#8221; background_image=&#8221;https:\/\/www.stylingcrew.se\/wp-content\/uploads\/2019\/10\/topbg-1.jpg&#8221; bottom_divider_style=&#8221;wave2&#8243;][et_pb_row column_structure=&#8221;3_5,2_5&#8243; _builder_version=&#8221;3.29.3&#8243; width=&#8221;100%&#8221; min_height=&#8221;300px&#8221;][et_pb_column type=&#8221;3_5&#8243; _builder_version=&#8221;3.29.3&#8243;][et_pb_text disabled_on=&#8221;off|off|off&#8221; _builder_version=&#8221;3.29.3&#8243; text_font=&#8221;||on||||||&#8221; text_text_color=&#8221;#000000&#8243; text_font_size=&#8221;18px&#8221; text_line_height=&#8221;2em&#8221; header_font=&#8221;Pacifico||||||||&#8221; header_font_size=&#8221;62px&#8221; custom_padding=&#8221;|||10px|false|false&#8221;]<\/p>\n<h1 style=\"text-align: center;\">Olaplex<\/h1>\n<p>[\/et_pb_text][\/et_pb_column][et_pb_column type=&#8221;2_5&#8243; _builder_version=&#8221;3.29.3&#8243;][et_pb_image src=&#8221;https:\/\/www.stylingcrew.se\/wp-content\/uploads\/2018\/10\/olaplex.jpg&#8221; show_in_lightbox=&#8221;on&#8221; disabled_on=&#8221;on|on|off&#8221; _builder_version=&#8221;3.29.3&#8243; box_shadow_style=&#8221;preset1&#8243;][\/et_pb_image][\/et_pb_column][\/et_pb_row][\/et_pb_section][et_pb_section fb_built=&#8221;1&#8243; _builder_version=&#8221;3.22&#8243; background_color=&#8221;#efefef&#8221; custom_padding=&#8221;||0px|&#8221;][et_pb_row column_structure=&#8221;2_5,3_5&#8243; _builder_version=&#8221;3.25&#8243; background_size=&#8221;initial&#8221; background_position=&#8221;top_left&#8221; background_repeat=&#8221;repeat&#8221;][et_pb_column type=&#8221;2_5&#8243; _builder_version=&#8221;3.25&#8243; custom_padding=&#8221;|||&#8221; custom_padding__hover=&#8221;|||&#8221;][et_pb_blurb use_icon=&#8221;on&#8221; font_icon=&#8221;%%79%%&#8221; icon_color=&#8221;#000000&#8243; disabled_on=&#8221;on|on|off&#8221; _builder_version=&#8221;3.29.3&#8243; text_orientation=&#8221;right&#8221; max_width=&#8221;50%&#8221; module_alignment=&#8221;right&#8221; custom_padding=&#8221;0px||50px|&#8221;][\/et_pb_blurb][\/et_pb_column][et_pb_column type=&#8221;3_5&#8243; _builder_version=&#8221;3.25&#8243; custom_padding=&#8221;|||&#8221; custom_padding__hover=&#8221;|||&#8221;][et_pb_text admin_label=&#8221;Text &#8211; Olaplex&#8221; _builder_version=&#8221;3.29.3&#8243; text_font=&#8221;Fira Sans|300|||||||&#8221; text_text_color=&#8221;#000000&#8243; text_font_size=&#8221;12px&#8221; text_line_height=&#8221;2.1em&#8221; header_font=&#8221;Fira Sans||||||||&#8221; header_text_color=&#8221;#000000&#8243; header_font_size=&#8221;41px&#8221; header_5_font=&#8221;Fira Sans|900|on||||||&#8221; header_5_font_size=&#8221;18px&#8221; header_5_line_height=&#8221;2em&#8221; background_color=&#8221;#ffffff&#8221; custom_margin=&#8221;0px|0px|0px|0px&#8221; custom_padding=&#8221;40px|40px|40px|40px&#8221;]<\/p>\n<p style=\"font-weight: 400;\">Har du skadat h\u00e5r eller vill g\u00f6ra en st\u00f6rre f\u00e4rgf\u00f6r\u00e4ndring? D\u00e5 \u00e4r Olaplex helt r\u00e4tt behandling f\u00f6r dig. Olaplex \u00e4r en innovativ produkt som reparerar, st\u00e4rker och skyddar h\u00e5ret. Med Olaplex \u00e5terskapas och repareras h\u00e5rets egna svavelbindningar. H\u00e5ret blir starkare, friskare och man f\u00e5r l\u00e5nglivade f\u00e4rgresultat med mer vitalitet. Olaplex kan bokas som en separat, intensivv\u00e5rdande behandling eller som till\u00e4gg vid klippning samt alla f\u00e4rgbehandlingar.<span data-ccp-props=\"{&quot;201341983&quot;:0,&quot;335559739&quot;:160,&quot;335559740&quot;:259}\">\u00a0<\/span><\/p>\n<p style=\"font-weight: 400;\">Olaplex \u00e4r fri fr\u00e5n silikoner, sulfater, DEA, aldehyder och har aldrig testats p\u00e5 djur. Den \u00e4r milj\u00f6certifierad av Gr\u00f6n Salong.<span data-ccp-props=\"{&quot;134233117&quot;:true,&quot;134233118&quot;:true,&quot;201341983&quot;:0,&quot;335559739&quot;:160,&quot;335559740&quot;:259}\">\u00a0<\/span><\/p>\n<p>[\/et_pb_text][\/et_pb_column][\/et_pb_row][et_pb_row column_structure=&#8221;2_5,3_5&#8243; _builder_version=&#8221;3.25&#8243; background_size=&#8221;initial&#8221; background_position=&#8221;top_left&#8221; background_repeat=&#8221;repeat&#8221;][et_pb_column type=&#8221;2_5&#8243; _builder_version=&#8221;3.25&#8243; custom_padding=&#8221;|||&#8221; custom_padding__hover=&#8221;|||&#8221;][et_pb_blurb use_icon=&#8221;on&#8221; font_icon=&#8221;%%280%%&#8221; icon_color=&#8221;#000000&#8243; disabled_on=&#8221;on|on|off&#8221; _builder_version=&#8221;3.29.3&#8243; text_orientation=&#8221;right&#8221; max_width=&#8221;50%&#8221; module_alignment=&#8221;right&#8221; custom_padding=&#8221;0px||50px|&#8221;][\/et_pb_blurb][\/et_pb_column][et_pb_column type=&#8221;3_5&#8243; _builder_version=&#8221;3.25&#8243; custom_padding=&#8221;|||&#8221; custom_padding__hover=&#8221;|||&#8221;][et_pb_text admin_label=&#8221;Text &#8211; Kostnad&#8221; _builder_version=&#8221;4.4.3&#8243; text_font=&#8221;Fira Sans|300|||||||&#8221; text_font_size=&#8221;12px&#8221; text_line_height=&#8221;2.1em&#8221; header_font=&#8221;Fira Sans||||||||&#8221; header_font_size=&#8221;41px&#8221; header_3_font=&#8221;Fira Sans||||||||&#8221; header_3_text_color=&#8221;#000000&#8243; background_color=&#8221;#ffffff&#8221; custom_margin=&#8221;0px|0px|0px|0px&#8221; custom_padding=&#8221;40px|40px|40px|40px&#8221; hover_enabled=&#8221;0&#8243;]<\/p>\n<h3>Kostnad:<\/h3>\n<ul>\n<li style=\"font-weight: 400;\"><strong>Frist\u00e5ende med klippning (90min):<\/strong><span data-ccp-props=\"{&quot;201341983&quot;:0,&quot;335559739&quot;:160,&quot;335559740&quot;:259}\"> 920kr<\/span><\/li>\n<li style=\"font-weight: 400;\"><strong>Till\u00e4gg vid f\u00e4rgning:<\/strong> +240kr<\/li>\n<\/ul>\n<p>[\/et_pb_text][et_pb_button button_url=&#8221;http:\/\/www.stylingcrew.se\/index.php\/2307-2\/&#8221; button_text=&#8221;Prislista&#8221; button_alignment=&#8221;right&#8221; _builder_version=&#8221;3.29.3&#8243; custom_button=&#8221;on&#8221; button_text_color=&#8221;#5e5e5e&#8221; button_bg_color=&#8221;#ffffff&#8221; button_border_width=&#8221;1px&#8221; button_border_color=&#8221;#d6d6d6&#8243; button_border_radius=&#8221;0px&#8221; button_font=&#8221;||||||||&#8221; button_on_hover=&#8221;off&#8221; custom_margin=&#8221;-20px|40px||&#8221; global_module=&#8221;2369&#8243; saved_tabs=&#8221;all&#8221;][\/et_pb_button][\/et_pb_column][\/et_pb_row][et_pb_row column_structure=&#8221;2_5,3_5&#8243; _builder_version=&#8221;3.25&#8243; background_size=&#8221;initial&#8221; background_position=&#8221;top_left&#8221; background_repeat=&#8221;repeat&#8221;][et_pb_column type=&#8221;2_5&#8243; _builder_version=&#8221;3.25&#8243; custom_padding=&#8221;|||&#8221; custom_padding__hover=&#8221;|||&#8221;][et_pb_blurb use_icon=&#8221;on&#8221; font_icon=&#8221;%%220%%&#8221; icon_color=&#8221;#000000&#8243; disabled_on=&#8221;on|on|off&#8221; _builder_version=&#8221;3.29.3&#8243; text_orientation=&#8221;right&#8221; max_width=&#8221;50%&#8221; module_alignment=&#8221;right&#8221; custom_padding=&#8221;0px||50px|&#8221;][\/et_pb_blurb][\/et_pb_column][et_pb_column type=&#8221;3_5&#8243; _builder_version=&#8221;3.25&#8243; custom_padding=&#8221;|||&#8221; custom_padding__hover=&#8221;|||&#8221;][et_pb_text admin_label=&#8221;Text &#8211; Olaplex&#8221; _builder_version=&#8221;3.29.3&#8243; text_font=&#8221;Fira Sans|300|||||||&#8221; text_font_size=&#8221;12px&#8221; text_line_height=&#8221;2.1em&#8221; header_font=&#8221;Fira Sans||||||||&#8221; header_text_color=&#8221;#000000&#8243; header_font_size=&#8221;41px&#8221; header_5_font=&#8221;Fira Sans|900|on||||||&#8221; header_5_font_size=&#8221;18px&#8221; header_5_line_height=&#8221;2em&#8221; background_color=&#8221;#ffffff&#8221; custom_margin=&#8221;0px|0px|0px|0px&#8221; custom_padding=&#8221;40px|40px|40px|40px&#8221;]<\/p>\n<h3 style=\"font-weight: 400;\"><strong><span style=\"color: #000000;\">Fem snabba fr\u00e5gor och svar\u00a0<\/span><\/strong><\/h3>\n<h5><\/h5>\n<h5 style=\"font-weight: 400;\"><strong>\u00c4r Olaplex en behandling eller en produkt?<\/strong><span data-ccp-props=\"{&quot;134233117&quot;:true,&quot;134233118&quot;:true,&quot;201341983&quot;:0,&quot;335559739&quot;:160,&quot;335559740&quot;:259}\">\u00a0<\/span><\/h5>\n<p style=\"font-weight: 400;\">Olaplex \u00e4r b\u00e5de en behandling och en produkt. Hos oss g\u00f6r du en Olaplex-behandling i samband med kemiska behandlingar eller som en frist\u00e5ende intensivbehandling. Det finns dessutom en produkt (No.3 Hair Perfector) som du k\u00f6per med dig hem efter en behandling eller anv\u00e4nder separat.<span data-ccp-props=\"{&quot;134233117&quot;:true,&quot;134233118&quot;:true,&quot;201341983&quot;:0,&quot;335559739&quot;:160,&quot;335559740&quot;:259}\">\u00a0<\/span><\/p>\n<h5 style=\"font-weight: 400;\"><strong>Vad g\u00f6r produkten?<\/strong><\/h5>\n<p style=\"font-weight: 400;\">Olaplex lagar h\u00e5rets svavelbindningar. Detta inneb\u00e4r att h\u00e5ret f\u00e5r en h\u00f6gre kvalitet, blir starkare och f\u00e5r mer glans. Till skillnad fr\u00e5n traditionella h\u00e5rv\u00e5rdsprodukter s\u00e5 adderas inte n\u00e5got till h\u00e5ret utan Olaplex-molekyl skapar en jonisk laddning som lagar bindningarna. D\u00e4refter tv\u00e4ttas produkten ur det lagade h\u00e5ret.<span data-ccp-props=\"{&quot;134233117&quot;:true,&quot;134233118&quot;:true,&quot;201341983&quot;:0,&quot;335559739&quot;:160,&quot;335559740&quot;:259}\">\u00a0<\/span><\/p>\n<h5 style=\"font-weight: 400;\"><strong>Vem skall anv\u00e4nda Olaplex?<\/strong><\/h5>\n<p style=\"font-weight: 400;\">H\u00e5rets svavelbindningar bryts n\u00e4r man uts\u00e4tter h\u00e5ret f\u00f6r alla typer av kemiska behandlingar. \u00c4ven vardaglig anv\u00e4ndning av v\u00e4rmeverktyg och borstning kan g\u00f6ra att bindningar bryts. D\u00e4rf\u00f6r passar Olaplex f\u00f6r de allra flesta och effekten \u00e4r extra tydlig p\u00e5 de h\u00e5r som bleks eller permanentas.<span data-ccp-props=\"{&quot;134233117&quot;:true,&quot;134233118&quot;:true,&quot;201341983&quot;:0,&quot;335559739&quot;:160,&quot;335559740&quot;:259}\">\u00a0<\/span><\/p>\n<p style=\"font-weight: 400;\">En frist\u00e5ende behandling \u00e4r ett utm\u00e4rkt alternativ om du inte genomf\u00f6r en kemisk behandling hos oss men \u00e4nd\u00e5 vill laga ditt h\u00e5r.<span data-ccp-props=\"{&quot;134233117&quot;:true,&quot;134233118&quot;:true,&quot;201341983&quot;:0,&quot;335559739&quot;:160,&quot;335559740&quot;:259}\">\u00a0<\/span><\/p>\n<h5 style=\"font-weight: 400;\"><strong>Hur l\u00e4nge h\u00e5ller en behandling?<\/strong><\/h5>\n<p style=\"font-weight: 400;\">Det beror helt p\u00e5 hur man sk\u00f6ter sitt h\u00e5r. Om man anv\u00e4nder v\u00e4rmeverktyg och borstar sitt h\u00e5r varje dag s\u00e5 bryts svavelbindningarna snabbare. Vi rekommenderar att du anv\u00e4nder No.3 Hair Perfector en g\u00e5ng varje vecka f\u00f6r att laga de bindningar som skadas mellan fris\u00f6rbes\u00f6ken.<span data-ccp-props=\"{&quot;134233117&quot;:true,&quot;134233118&quot;:true,&quot;201341983&quot;:0,&quot;335559739&quot;:160,&quot;335559740&quot;:259}\">\u00a0<\/span><\/p>\n<h5 style=\"font-weight: 400;\"><strong>Vad \u00e4r hemligheten med Olaplex?<\/strong><\/h5>\n<p style=\"font-weight: 400;\">H\u00e5rindustrin har under flera decennier f\u00f6rs\u00f6k l\u00f6sa problematiken med brutna svavelbindningar, utan framg\u00e5ng.<span data-ccp-props=\"{&quot;134233117&quot;:true,&quot;134233118&quot;:true,&quot;201341983&quot;:0,&quot;335559739&quot;:160,&quot;335559740&quot;:259}\">\u00a0<\/span><\/p>\n<p style=\"font-weight: 400;\">2014 lyckades forskarna Eric Pressly och Craig Hawker skapa en molekyl som revolutionerade branschen. F\u00f6r f\u00f6rsta g\u00e5ngen kunde man sammankoppla och multiplicera h\u00e5rets bindningar. Illustrationen visar hur ett h\u00e5rstr\u00e5 reagerar med och utan Olaplex efter 2 timmar med blekning och 12% v\u00e4teperoxid.<span data-ccp-props=\"{&quot;201341983&quot;:0,&quot;335559739&quot;:160,&quot;335559740&quot;:259}\">\u00a0<\/span><\/p>\n<p style=\"font-weight: 400;\"><span data-ccp-props=\"{&quot;201341983&quot;:0,&quot;335559739&quot;:160,&quot;335559740&quot;:259}\"><img loading=\"lazy\" decoding=\"async\" src=\"https:\/\/www.stylingcrew.se\/wp-content\/uploads\/2018\/02\/opa.jpeg\" width=\"500\" height=\"250\" alt=\"\" class=\"wp-image-241 alignnone size-full\" srcset=\"https:\/\/stylingcrew.se\/wp-content\/uploads\/2018\/02\/opa.jpeg 500w, https:\/\/stylingcrew.se\/wp-content\/uploads\/2018\/02\/opa-300x150.jpeg 300w\" sizes=\"(max-width: 500px) 100vw, 500px\" \/><\/span><\/p>\n<p><img loading=\"lazy\" decoding=\"async\" class=\"alignnone size-full wp-image-2209\" src=\"http:\/\/wp.ezit.se\/www.stylingcrew.se\/wp-content\/uploads\/2018\/11\/f555e859-2b09-417a-89f7-da33ccdf54a7.jpeg\" alt=\"\" width=\"500\" height=\"250\" srcset=\"https:\/\/stylingcrew.se\/wp-content\/uploads\/2018\/11\/f555e859-2b09-417a-89f7-da33ccdf54a7.jpeg 500w, https:\/\/stylingcrew.se\/wp-content\/uploads\/2018\/11\/f555e859-2b09-417a-89f7-da33ccdf54a7-300x150.jpeg 300w\" sizes=\"(max-width: 500px) 100vw, 500px\" \/><\/p>\n<p>[\/et_pb_text][\/et_pb_column][\/et_pb_row][\/et_pb_section]<\/p>\n","protected":false},"excerpt":{"rendered":"<p>OlaplexHar du skadat h\u00e5r eller vill g\u00f6ra en st\u00f6rre f\u00e4rgf\u00f6r\u00e4ndring? D\u00e5 \u00e4r Olaplex helt r\u00e4tt behandling f\u00f6r dig. Olaplex \u00e4r en innovativ produkt som reparerar, st\u00e4rker och skyddar h\u00e5ret. Med Olaplex \u00e5terskapas och repareras h\u00e5rets egna svavelbindningar. H\u00e5ret blir starkare, friskare och man f\u00e5r l\u00e5nglivade f\u00e4rgresultat med mer vitalitet. Olaplex kan bokas som en separat, [&hellip;]<\/p>\n","protected":false},"author":3,"featured_media":0,"parent":1679,"menu_order":0,"comment_status":"closed","ping_status":"closed","template":"","meta":{"_et_pb_use_builder":"on","_et_pb_old_content":"","_et_gb_content_width":"","footnotes":""},"class_list":["post-1852","page","type-page","status-publish","hentry"],"_links":{"self":[{"href":"https:\/\/stylingcrew.se\/index.php\/wp-json\/wp\/v2\/pages\/1852"}],"collection":[{"href":"https:\/\/stylingcrew.se\/index.php\/wp-json\/wp\/v2\/pages"}],"about":[{"href":"https:\/\/stylingcrew.se\/index.php\/wp-json\/wp\/v2\/types\/page"}],"author":[{"embeddable":true,"href":"https:\/\/stylingcrew.se\/index.php\/wp-json\/wp\/v2\/users\/3"}],"replies":[{"embeddable":true,"href":"https:\/\/stylingcrew.se\/index.php\/wp-json\/wp\/v2\/comments?post=1852"}],"version-history":[{"count":41,"href":"https:\/\/stylingcrew.se\/index.php\/wp-json\/wp\/v2\/pages\/1852\/revisions"}],"predecessor-version":[{"id":3355,"href":"https:\/\/stylingcrew.se\/index.php\/wp-json\/wp\/v2\/pages\/1852\/revisions\/3355"}],"up":[{"embeddable":true,"href":"https:\/\/stylingcrew.se\/index.php\/wp-json\/wp\/v2\/pages\/1679"}],"wp:attachment":[{"href":"https:\/\/stylingcrew.se\/index.php\/wp-json\/wp\/v2\/media?parent=1852"}],"curies":[{"name":"wp","href":"https:\/\/api.w.org\/{rel}","templated":true}]}}