{"id":1937,"date":"2018-10-14T19:30:52","date_gmt":"2018-10-14T17:30:52","guid":{"rendered":"http:\/\/wp.ezit.se\/www.stylingcrew.se\/?page_id=1937"},"modified":"2023-12-04T14:21:35","modified_gmt":"2023-12-04T13:21:35","slug":"new-blond","status":"publish","type":"page","link":"https:\/\/stylingcrew.se\/index.php\/hemsida\/new-blond\/","title":{"rendered":"New blond"},"content":{"rendered":"<p>[et_pb_section fb_built=&#8221;1&#8243; next_background_color=&#8221;#efefef&#8221; _builder_version=&#8221;3.29.3&#8243; background_color=&#8221;#eaeaea&#8221; background_image=&#8221;https:\/\/www.stylingcrew.se\/wp-content\/uploads\/2019\/10\/topbg-1.jpg&#8221; bottom_divider_style=&#8221;wave2&#8243;][et_pb_row column_structure=&#8221;3_5,2_5&#8243; _builder_version=&#8221;3.29.3&#8243; width=&#8221;100%&#8221; min_height=&#8221;300px&#8221;][et_pb_column type=&#8221;3_5&#8243; _builder_version=&#8221;3.29.3&#8243;][et_pb_text disabled_on=&#8221;off|off|off&#8221; _builder_version=&#8221;3.29.3&#8243; text_font=&#8221;||on||||||&#8221; text_text_color=&#8221;#000000&#8243; text_font_size=&#8221;18px&#8221; text_line_height=&#8221;2em&#8221; header_font=&#8221;Pacifico||||||||&#8221; header_font_size=&#8221;62px&#8221;]<\/p>\n<h1 style=\"text-align: center;\">New blond<\/h1>\n<p>[\/et_pb_text][\/et_pb_column][et_pb_column type=&#8221;2_5&#8243; _builder_version=&#8221;3.29.3&#8243;][et_pb_image src=&#8221;https:\/\/www.stylingcrew.se\/wp-content\/uploads\/2019\/06\/newblond.jpg&#8221; show_in_lightbox=&#8221;on&#8221; disabled_on=&#8221;on|on|off&#8221; _builder_version=&#8221;3.29.3&#8243; box_shadow_style=&#8221;preset1&#8243;][\/et_pb_image][\/et_pb_column][\/et_pb_row][\/et_pb_section][et_pb_section fb_built=&#8221;1&#8243; _builder_version=&#8221;3.22&#8243; background_color=&#8221;#efefef&#8221; custom_margin=&#8221;||0px|&#8221; custom_padding=&#8221;||0px|&#8221;][et_pb_row column_structure=&#8221;2_5,3_5&#8243; _builder_version=&#8221;3.25&#8243; background_size=&#8221;initial&#8221; background_position=&#8221;top_left&#8221; background_repeat=&#8221;repeat&#8221;][et_pb_column type=&#8221;2_5&#8243; _builder_version=&#8221;3.25&#8243; custom_padding=&#8221;|||&#8221; custom_padding__hover=&#8221;|||&#8221;][et_pb_blurb use_icon=&#8221;on&#8221; font_icon=&#8221;%%79%%&#8221; icon_color=&#8221;#000000&#8243; disabled_on=&#8221;on|on|off&#8221; _builder_version=&#8221;3.29.3&#8243; text_orientation=&#8221;right&#8221; max_width=&#8221;50%&#8221; module_alignment=&#8221;right&#8221; custom_padding=&#8221;0px||0px|&#8221;][\/et_pb_blurb][\/et_pb_column][et_pb_column type=&#8221;3_5&#8243; _builder_version=&#8221;3.25&#8243; custom_padding=&#8221;|||&#8221; custom_padding__hover=&#8221;|||&#8221;][et_pb_text admin_label=&#8221;Text &#8211; New blond&#8221; _builder_version=&#8221;3.29.3&#8243; text_font=&#8221;Fira Sans|300|||||||&#8221; text_font_size=&#8221;12px&#8221; text_line_height=&#8221;2.1em&#8221; header_font=&#8221;Fira Sans||||||||&#8221; header_text_color=&#8221;#000000&#8243; header_font_size=&#8221;41px&#8221; background_color=&#8221;#ffffff&#8221; custom_margin=&#8221;0px|0px|0px|0px&#8221; custom_padding=&#8221;40px|40px|40px|40px&#8221;]<\/p>\n<p>New Blond \u00e4r en behandling som p\u00e5 endast 5 minuter ljusar upp naturh\u00e5r 1-2 steg.<\/p>\n<p>New Blonde Full Service kombinerat med klassiska slingor:<br \/> \u2022 mjukar upp kontraster f\u00f6r att efterl\u00e4mna en mer naturlig blond look<\/p>\n<p>New Blonde Regrowth Service i mellan\u00a0tv\u00e5 slingbehandlingar.<br \/> \u2022 Utv\u00e4xten upplevs mindre markant &#8211; f\u00f6r en mjuk \u00f6verg\u00e5ng mellan rot och topp.<\/p>\n<p style=\"font-weight: 400;\">Obs! New Blond kan inte ta bort konstgjorda (f\u00e4rgade) pigment.<\/p>\n<p>[\/et_pb_text][\/et_pb_column][\/et_pb_row][\/et_pb_section][et_pb_section fb_built=&#8221;1&#8243; _builder_version=&#8221;3.22&#8243; background_color=&#8221;#efefef&#8221; custom_margin=&#8221;0px||0px|&#8221; custom_padding=&#8221;0px||0px|&#8221;][et_pb_row column_structure=&#8221;2_5,3_5&#8243; _builder_version=&#8221;3.25&#8243; background_size=&#8221;initial&#8221; background_position=&#8221;top_left&#8221; background_repeat=&#8221;repeat&#8221;][et_pb_column type=&#8221;2_5&#8243; _builder_version=&#8221;3.25&#8243; custom_padding=&#8221;|||&#8221; custom_padding__hover=&#8221;|||&#8221;][et_pb_blurb use_icon=&#8221;on&#8221; font_icon=&#8221;%%280%%&#8221; icon_color=&#8221;#000000&#8243; disabled_on=&#8221;on|on|off&#8221; _builder_version=&#8221;3.29.3&#8243; text_orientation=&#8221;right&#8221; max_width=&#8221;50%&#8221; module_alignment=&#8221;right&#8221; custom_padding=&#8221;0px||50px|&#8221;][\/et_pb_blurb][\/et_pb_column][et_pb_column type=&#8221;3_5&#8243; _builder_version=&#8221;3.25&#8243; custom_padding=&#8221;|||&#8221; custom_padding__hover=&#8221;|||&#8221;][et_pb_text admin_label=&#8221;Text &#8211; Kostnad&#8221; _builder_version=&#8221;4.4.3&#8243; text_font=&#8221;Fira Sans|300|||||||&#8221; text_line_height=&#8221;2.1em&#8221; header_font=&#8221;Fira Sans||||||||&#8221; header_font_size=&#8221;41px&#8221; header_3_font=&#8221;Fira Sans||||||||&#8221; header_3_text_color=&#8221;#000000&#8243; background_color=&#8221;#ffffff&#8221; custom_margin=&#8221;0px|0px|0px|0px&#8221; custom_padding=&#8221;40px|40px|40px|40px&#8221; hover_enabled=&#8221;0&#8243;]<\/p>\n<h3>Kostnad:<\/h3>\n<p>Pris\/till\u00e4ggspris: 400kr-700kr<\/p>\n<p><strong>Tid:\u00a0<\/strong>15-30 min extra<\/p>\n<p>[\/et_pb_text][et_pb_button button_url=&#8221;http:\/\/www.stylingcrew.se\/index.php\/2307-2\/&#8221; button_text=&#8221;Prislista&#8221; button_alignment=&#8221;right&#8221; _builder_version=&#8221;3.29.3&#8243; custom_button=&#8221;on&#8221; button_text_color=&#8221;#5e5e5e&#8221; button_bg_color=&#8221;#ffffff&#8221; button_border_width=&#8221;1px&#8221; button_border_color=&#8221;#d6d6d6&#8243; button_border_radius=&#8221;0px&#8221; button_font=&#8221;||||||||&#8221; button_on_hover=&#8221;off&#8221; custom_margin=&#8221;-20px|40px||&#8221; global_module=&#8221;2369&#8243; saved_tabs=&#8221;all&#8221;][\/et_pb_button][\/et_pb_column][\/et_pb_row][\/et_pb_section]<\/p>\n","protected":false},"excerpt":{"rendered":"<p>New blondNew Blond \u00e4r en behandling som p\u00e5 endast 5 minuter ljusar upp naturh\u00e5r 1-2 steg. New Blonde Full Service kombinerat med klassiska slingor: \u2022 mjukar upp kontraster f\u00f6r att efterl\u00e4mna en mer naturlig blond look New Blonde Regrowth Service i mellan\u00a0tv\u00e5 slingbehandlingar. \u2022 Utv\u00e4xten upplevs mindre markant &#8211; f\u00f6r en mjuk \u00f6verg\u00e5ng mellan rot [&hellip;]<\/p>\n","protected":false},"author":3,"featured_media":0,"parent":1679,"menu_order":0,"comment_status":"closed","ping_status":"closed","template":"","meta":{"_et_pb_use_builder":"on","_et_pb_old_content":"","_et_gb_content_width":"","footnotes":""},"class_list":["post-1937","page","type-page","status-publish","hentry"],"_links":{"self":[{"href":"https:\/\/stylingcrew.se\/index.php\/wp-json\/wp\/v2\/pages\/1937"}],"collection":[{"href":"https:\/\/stylingcrew.se\/index.php\/wp-json\/wp\/v2\/pages"}],"about":[{"href":"https:\/\/stylingcrew.se\/index.php\/wp-json\/wp\/v2\/types\/page"}],"author":[{"embeddable":true,"href":"https:\/\/stylingcrew.se\/index.php\/wp-json\/wp\/v2\/users\/3"}],"replies":[{"embeddable":true,"href":"https:\/\/stylingcrew.se\/index.php\/wp-json\/wp\/v2\/comments?post=1937"}],"version-history":[{"count":27,"href":"https:\/\/stylingcrew.se\/index.php\/wp-json\/wp\/v2\/pages\/1937\/revisions"}],"predecessor-version":[{"id":3337,"href":"https:\/\/stylingcrew.se\/index.php\/wp-json\/wp\/v2\/pages\/1937\/revisions\/3337"}],"up":[{"embeddable":true,"href":"https:\/\/stylingcrew.se\/index.php\/wp-json\/wp\/v2\/pages\/1679"}],"wp:attachment":[{"href":"https:\/\/stylingcrew.se\/index.php\/wp-json\/wp\/v2\/media?parent=1937"}],"curies":[{"name":"wp","href":"https:\/\/api.w.org\/{rel}","templated":true}]}}